{"id":18369,"date":"2026-04-15T10:32:55","date_gmt":"2026-04-15T08:32:55","guid":{"rendered":"https:\/\/www.amerschlaeger.de\/?page_id=18369"},"modified":"2026-04-15T14:39:10","modified_gmt":"2026-04-15T12:39:10","slug":"aktualnosci-amerschlaeger-pozostaje-partnerem-euro-moto","status":"publish","type":"page","link":"https:\/\/www.amerschlaeger.de\/pl\/news-amerschlaeger-bleibt-euro-moto-partner\/","title":{"rendered":"Aktualno\u015bci - Amerschl\u00e4ger pozostaje oficjalnym partnerem testowym EURO MOTO"},"content":{"rendered":"<div data-elementor-type=\"wp-page\" data-elementor-id=\"18369\" class=\"elementor elementor-18369\" data-elementor-post-type=\"page\">\n\t\t\t\t<div class=\"elementor-element elementor-element-6be74ae e-con-full e-flex e-con e-parent\" data-id=\"6be74ae\" data-element_type=\"container\" data-e-type=\"container\" data-settings=\"{&quot;background_background&quot;:&quot;gradient&quot;}\">\n\t\t\t\t<div class=\"elementor-element elementor-element-67b310a elementor-widget elementor-widget-heading\" data-id=\"67b310a\" data-element_type=\"widget\" data-e-type=\"widget\" data-widget_type=\"heading.default\">\n\t\t\t\t<div class=\"elementor-widget-container\">\n\t\t\t\t\t<h1 class=\"elementor-heading-title elementor-size-default\">Aktualno\u015bci<\/h1>\t\t\t\t<\/div>\n\t\t\t\t<\/div>\n\t\t\t\t<\/div>\n\t\t<div class=\"elementor-element elementor-element-57e5c8f e-flex e-con-boxed e-con e-parent\" data-id=\"57e5c8f\" data-element_type=\"container\" data-e-type=\"container\">\n\t\t\t\t\t<div class=\"e-con-inner\">\n\t\t<div class=\"elementor-element elementor-element-cee1110 e-con-full e-flex e-con e-child\" data-id=\"cee1110\" data-element_type=\"container\" data-e-type=\"container\">\n\t\t<div class=\"elementor-element elementor-element-05b5cf3 e-con-full e-flex e-con e-child\" data-id=\"05b5cf3\" data-element_type=\"container\" data-e-type=\"container\">\n\t\t<div class=\"elementor-element elementor-element-5acf452 e-con-full e-flex e-con e-child\" data-id=\"5acf452\" data-element_type=\"container\" data-e-type=\"container\">\n\t\t\t\t<div class=\"elementor-element elementor-element-865905b elementor-widget elementor-widget-heading\" data-id=\"865905b\" data-element_type=\"widget\" data-e-type=\"widget\" data-widget_type=\"heading.default\">\n\t\t\t\t<div class=\"elementor-widget-container\">\n\t\t\t\t\t<h3 class=\"elementor-heading-title elementor-size-default\">EURO MOTO 2026  <\/h3>\t\t\t\t<\/div>\n\t\t\t\t<\/div>\n\t\t\t\t<div class=\"elementor-element elementor-element-dcc2ae0 elementor-widget elementor-widget-heading\" data-id=\"dcc2ae0\" data-element_type=\"widget\" data-e-type=\"widget\" data-widget_type=\"heading.default\">\n\t\t\t\t<div class=\"elementor-widget-container\">\n\t\t\t\t\t<h2 class=\"elementor-heading-title elementor-size-default\">Amerschl\u00e4ger P4 pozostaje oficjalnym partnerem testowym EURO MOTO (IDM) <\/h2>\t\t\t\t<\/div>\n\t\t\t\t<\/div>\n\t\t\t\t<div class=\"elementor-element elementor-element-a17bc1f elementor-widget-divider--view-line elementor-widget elementor-widget-divider\" data-id=\"a17bc1f\" data-element_type=\"widget\" data-e-type=\"widget\" data-widget_type=\"divider.default\">\n\t\t\t\t<div class=\"elementor-widget-container\">\n\t\t\t\t\t\t\t<div class=\"elementor-divider\">\n\t\t\t<span class=\"elementor-divider-separator\">\n\t\t\t\t\t\t<\/span>\n\t\t<\/div>\n\t\t\t\t\t\t<\/div>\n\t\t\t\t<\/div>\n\t\t\t\t<div class=\"elementor-element elementor-element-2be5023 elementor-widget elementor-widget-text-editor\" data-id=\"2be5023\" data-element_type=\"widget\" data-e-type=\"widget\" data-widget_type=\"text-editor.default\">\n\t\t\t\t<div class=\"elementor-widget-container\">\n\t\t\t\t\t\t\t\t\t<p>Kontynuujemy nasz\u0105 udan\u0105 wsp\u00f3\u0142prac\u0119 z EURO MOTO w sezonie 2026. Jako oficjalny partner testowy po raz kolejny rozmie\u015bcimy nasze mobilne stanowisko testowe P4 bezpo\u015brednio na torze wy\u015bcigowym - blisko zespo\u0142\u00f3w, zawodnik\u00f3w i os\u00f3b podejmuj\u0105cych decyzje techniczne.<\/p><p>W ten spos\u00f3b wnosimy istotny wk\u0142ad w wyr\u00f3wnywanie szans w rywalizacji i rozw\u00f3j techniczny w sportach motorowych.<\/p><p><strong>P4 na miejscu - precyzja w warunkach wy\u015bcigowych<\/strong><\/p><p>Nasze mobilne stanowisko testowe oferuje zespo\u0142om i organizatorom kompleksowy zakres us\u0142ug bezpo\u015brednio na padoku:<\/p><ul><li>Pomiary mocy z maksymaln\u0105 odtwarzalno\u015bci\u0105<\/li><li>Strojenie i optymalizacja po wprowadzeniu zmian w konfiguracji<\/li><li>Rozwi\u0105zywanie problem\u00f3w i diagnostyka w przypadku nieprawid\u0142owo\u015bci, takich jak nier\u00f3wnomierna praca, problemy z temperatur\u0105 lub praca przerywana.<\/li><li>Sprawdzanie motocykli po wypadkach w celu zaoszcz\u0119dzenia cennego czasu na torze<\/li><\/ul><p><br \/>Dzi\u0119ki naszemu wieloletniemu do\u015bwiadczeniu w sportach motorowych i wysokiej precyzji naszej technologii stanowisk testowych, dostarczamy wiarygodne dane - kluczow\u0105 podstaw\u0119 wydajno\u015bci i uczciwo\u015bci.<\/p><p><strong>Pocz\u0105tek sezonu na torze Sachsenring<\/strong><\/p><p>Sezon EURO MOTO 2026 rozpocznie si\u0119 na torze Sachsenring w dniach 8-10 maja. Oczywi\u015bcie my r\u00f3wnie\u017c tam b\u0119dziemy i b\u0119dziemy wspiera\u0107 zespo\u0142y i organizacj\u0119 nasz\u0105 technologi\u0105 pomiarow\u0105.<\/p><p>\u201eZ niecierpliwo\u015bci\u0105 czekamy na ekscytuj\u0105cy sezon, intensywn\u0105 wsp\u00f3\u0142prac\u0119 w padoku i dalsze odgrywanie aktywnej roli w kszta\u0142towaniu sport\u00f3w motorowych\u201c - m\u00f3wi Richard Speiser, dyrektor generalny Amerschl\u00e4ger P4.<br \/><br \/><br \/><a href=\"https:\/\/euromoto.racing\/\" target=\"_blank\" rel=\"noopener\">Wi\u0119cej informacji o EURO MOTO.<\/a><\/p>\t\t\t\t\t\t\t\t<\/div>\n\t\t\t\t<\/div>\n\t\t\t\t<\/div>\n\t\t<div class=\"elementor-element elementor-element-44c9cf2 e-con-full e-flex e-con e-child\" data-id=\"44c9cf2\" data-element_type=\"container\" data-e-type=\"container\" data-settings=\"{&quot;background_background&quot;:&quot;classic&quot;}\">\n\t\t\t\t<\/div>\n\t\t\t\t<\/div>\n\t\t\t\t<\/div>\n\t\t\t\t\t<\/div>\n\t\t\t\t<\/div>\n\t\t\t\t<\/div>","protected":false},"excerpt":{"rendered":"<p>News EURO MOTO 2026 Amerschl\u00e4ger P4 bleibt offizieller Pr\u00fcfstandspartner der EURO MOTO (IDM) Auch in der Saison 2026 setzen wir unsere erfolgreiche Partnerschaft mit der EURO MOTO fort. Als offizieller Pr\u00fcfstandspartner sind wir erneut mit unserem mobilen P4-Pr\u00fcfstand direkt an der Rennstrecke im Einsatz \u2013 nah an den Teams, Fahrern und technischen Entscheidern. Damit leisten [&hellip;]<\/p>\n","protected":false},"author":13,"featured_media":0,"parent":0,"menu_order":0,"comment_status":"closed","ping_status":"closed","template":"","meta":{"_acf_changed":false,"footnotes":""},"class_list":["post-18369","page","type-page","status-publish","hentry"],"acf":[],"jetpack_sharing_enabled":true,"_links":{"self":[{"href":"https:\/\/www.amerschlaeger.de\/pl\/wp-json\/wp\/v2\/pages\/18369","targetHints":{"allow":["GET"]}}],"collection":[{"href":"https:\/\/www.amerschlaeger.de\/pl\/wp-json\/wp\/v2\/pages"}],"about":[{"href":"https:\/\/www.amerschlaeger.de\/pl\/wp-json\/wp\/v2\/types\/page"}],"author":[{"embeddable":true,"href":"https:\/\/www.amerschlaeger.de\/pl\/wp-json\/wp\/v2\/users\/13"}],"replies":[{"embeddable":true,"href":"https:\/\/www.amerschlaeger.de\/pl\/wp-json\/wp\/v2\/comments?post=18369"}],"version-history":[{"count":10,"href":"https:\/\/www.amerschlaeger.de\/pl\/wp-json\/wp\/v2\/pages\/18369\/revisions"}],"predecessor-version":[{"id":18397,"href":"https:\/\/www.amerschlaeger.de\/pl\/wp-json\/wp\/v2\/pages\/18369\/revisions\/18397"}],"wp:attachment":[{"href":"https:\/\/www.amerschlaeger.de\/pl\/wp-json\/wp\/v2\/media?parent=18369"}],"curies":[{"name":"wp","href":"https:\/\/api.w.org\/{rel}","templated":true}]}}